{"id":210,"date":"2017-11-15T14:12:54","date_gmt":"2017-11-15T14:12:54","guid":{"rendered":"http:\/\/equipamentospsi.com\/?post_type=product&#038;p=210"},"modified":"2026-04-20T02:39:17","modified_gmt":"2026-04-20T02:39:17","slug":"barra-de-luz","status":"publish","type":"product","link":"https:\/\/equipamentospsi.com\/?product=barra-de-luz","title":{"rendered":"Barra de Luz"},"content":{"rendered":"<p><a href=\"https:\/\/equipamentospsi.com\/wp-content\/uploads\/2017\/11\/Especifica\u00e7\u00f5es-Folder-v3.pdf\">Especifica\u00e7\u00f5es &#8211; Folder v3<\/a><\/p>\n<p>Descri\u00e7\u00e3o:<\/p>\n<p>Este equipamento \u00e9 produzido artesanalmente com segmento de luz interna e contagem de movimentos nas laterais. \u00c9 utilizado na terapia EMDR &#8211; Eye Movement Desensitization and Reprocessing (Dessensibiliza\u00e7\u00e3o e Reprocessamento por Movimentos Oculares), para substituir a a\u00e7\u00e3o humana de movimentos.<\/p>\n<ul>\n<li>Barra de 74cm com 26 leds;<\/li>\n<li>Controle remoto com bateria;<\/li>\n<li>Velocidade regul\u00e1vel pelo controle remoto;<\/li>\n<li>O sistema registra a \u00faltima velocidade aplicada;<\/li>\n<li>Alimenta\u00e7\u00e3o bi-volt (110v ou 220v);<\/li>\n<li>Trip\u00e9 com (N\u00edvel de inclina\u00e7\u00e3o da barra e Regulagem de altura);<\/li>\n<li>Cor do produto: preta com led\u2019s verdes.<\/li>\n<\/ul>\n<p>Modo de usar:<\/p>\n<p>Monte o trip\u00e9 e fa\u00e7a a regulagem na altura e n\u00edvel de inclina\u00e7\u00e3o que desejar. Ligue a fonte na tomada (110v ou 220v volts).\u00a0Ligue a chave vermelha que se encontra atr\u00e1s da barra. Observe se os dois led\u2019s centrais est\u00e3o ligados. Inicie os movimentos atrav\u00e9s do controle:\u00a0<img loading=\"lazy\" decoding=\"async\" class=\"wp-image-370 alignleft\" src=\"https:\/\/equipamentospsi.com\/wp-content\/uploads\/2017\/11\/controle-2.jpg\" alt=\"\" width=\"219\" height=\"185\" \/><\/p>\n<p>1 &#8211; Ligar a sequ\u00eancia<\/p>\n<p>2 &#8211; Pausar o movimento<\/p>\n<p>3 &#8211; Diminuir a velocidade<\/p>\n<p>4 &#8211; Aumentar a velocidade<\/p>\n<p>5 &#8211; Acender todos os leds de forma sequencial *<\/p>\n<p>6 &#8211; Acender apenas os leds das extremidades *<\/p>\n<p>*As fun\u00e7\u00f5es 5 e 6 s\u00f3 poder\u00e3o ser acionadas quando a Barra de Luz estiver com a sequencia ligada, ou seja, ap\u00f3s pressionar o bot\u00e3o 1, os movimentos poder\u00e3o ser alternados entre o 5 e 6.<\/p>\n","protected":false},"excerpt":{"rendered":"<p>Especifica\u00e7\u00f5es &#8211; Folder v3 Descri\u00e7\u00e3o: Este equipamento \u00e9 produzido artesanalmente com segmento de luz interna e contagem de movimentos nas laterais. \u00c9 utilizado na terapia EMDR &#8211; Eye Movement Desensitization and Reprocessing (Dessensibiliza\u00e7\u00e3o e Reprocessamento por Movimentos Oculares), para substituir a a\u00e7\u00e3o humana de movimentos. Barra de 74cm com 26 leds; Controle remoto com bateria; [&hellip;]<\/p>\n","protected":false},"featured_media":506,"comment_status":"open","ping_status":"closed","template":"","meta":[],"product_brand":[],"product_cat":[16],"product_tag":[],"class_list":{"0":"post-210","1":"product","2":"type-product","3":"status-publish","4":"has-post-thumbnail","6":"product_cat-simples","7":"pa_valor-final-valor-a-vista","8":"pa_valor-final-valor-parcelado","10":"first","11":"instock","12":"shipping-taxable","13":"purchasable","14":"product-type-variable"},"_links":{"self":[{"href":"https:\/\/equipamentospsi.com\/index.php?rest_route=\/wp\/v2\/product\/210","targetHints":{"allow":["GET"]}}],"collection":[{"href":"https:\/\/equipamentospsi.com\/index.php?rest_route=\/wp\/v2\/product"}],"about":[{"href":"https:\/\/equipamentospsi.com\/index.php?rest_route=\/wp\/v2\/types\/product"}],"replies":[{"embeddable":true,"href":"https:\/\/equipamentospsi.com\/index.php?rest_route=%2Fwp%2Fv2%2Fcomments&post=210"}],"wp:featuredmedia":[{"embeddable":true,"href":"https:\/\/equipamentospsi.com\/index.php?rest_route=\/wp\/v2\/media\/506"}],"wp:attachment":[{"href":"https:\/\/equipamentospsi.com\/index.php?rest_route=%2Fwp%2Fv2%2Fmedia&parent=210"}],"wp:term":[{"taxonomy":"product_brand","embeddable":true,"href":"https:\/\/equipamentospsi.com\/index.php?rest_route=%2Fwp%2Fv2%2Fproduct_brand&post=210"},{"taxonomy":"product_cat","embeddable":true,"href":"https:\/\/equipamentospsi.com\/index.php?rest_route=%2Fwp%2Fv2%2Fproduct_cat&post=210"},{"taxonomy":"product_tag","embeddable":true,"href":"https:\/\/equipamentospsi.com\/index.php?rest_route=%2Fwp%2Fv2%2Fproduct_tag&post=210"}],"curies":[{"name":"wp","href":"https:\/\/api.w.org\/{rel}","templated":true}]}}