{"id":194,"date":"2017-10-06T21:20:29","date_gmt":"2017-10-06T21:20:29","guid":{"rendered":"http:\/\/equipamentospsi.com\/?product=conjunto-de-cabos-com-pulsers"},"modified":"2026-04-12T23:19:53","modified_gmt":"2026-04-12T23:19:53","slug":"conjunto-de-cabos-com-pulsers","status":"publish","type":"product","link":"https:\/\/equipamentospsi.com\/?product=conjunto-de-cabos-com-pulsers","title":{"rendered":"Conjunto de Cabos sem Pulsers"},"content":{"rendered":"<p>Par de cabos P2 Mono para o T\u00e1til<\/p>\n<p>Aten\u00e7\u00e3o: n\u00e3o acompanha os pulsers<\/p>\n","protected":false},"excerpt":{"rendered":"<p>Par de cabos P2 Mono para o T\u00e1til Aten\u00e7\u00e3o: n\u00e3o acompanha os pulsers<\/p>\n","protected":false},"featured_media":530,"comment_status":"open","ping_status":"closed","template":"","meta":[],"product_brand":[],"product_cat":[20],"product_tag":[],"class_list":{"0":"post-194","1":"product","2":"type-product","3":"status-publish","4":"has-post-thumbnail","6":"product_cat-acessorios","7":"pa_valor-final-valor-a-vista","8":"pa_valor-final-valor-parcelado","10":"first","11":"instock","12":"shipping-taxable","13":"purchasable","14":"product-type-simple"},"_links":{"self":[{"href":"https:\/\/equipamentospsi.com\/index.php?rest_route=\/wp\/v2\/product\/194","targetHints":{"allow":["GET"]}}],"collection":[{"href":"https:\/\/equipamentospsi.com\/index.php?rest_route=\/wp\/v2\/product"}],"about":[{"href":"https:\/\/equipamentospsi.com\/index.php?rest_route=\/wp\/v2\/types\/product"}],"replies":[{"embeddable":true,"href":"https:\/\/equipamentospsi.com\/index.php?rest_route=%2Fwp%2Fv2%2Fcomments&post=194"}],"wp:featuredmedia":[{"embeddable":true,"href":"https:\/\/equipamentospsi.com\/index.php?rest_route=\/wp\/v2\/media\/530"}],"wp:attachment":[{"href":"https:\/\/equipamentospsi.com\/index.php?rest_route=%2Fwp%2Fv2%2Fmedia&parent=194"}],"wp:term":[{"taxonomy":"product_brand","embeddable":true,"href":"https:\/\/equipamentospsi.com\/index.php?rest_route=%2Fwp%2Fv2%2Fproduct_brand&post=194"},{"taxonomy":"product_cat","embeddable":true,"href":"https:\/\/equipamentospsi.com\/index.php?rest_route=%2Fwp%2Fv2%2Fproduct_cat&post=194"},{"taxonomy":"product_tag","embeddable":true,"href":"https:\/\/equipamentospsi.com\/index.php?rest_route=%2Fwp%2Fv2%2Fproduct_tag&post=194"}],"curies":[{"name":"wp","href":"https:\/\/api.w.org\/{rel}","templated":true}]}}